{"id":1513,"date":"2025-07-01T18:44:04","date_gmt":"2025-07-01T18:44:04","guid":{"rendered":"https:\/\/www.turizamuzica.org.rs\/springs-of-health\/"},"modified":"2026-04-04T14:57:28","modified_gmt":"2026-04-04T14:57:28","slug":"springs-of-health","status":"publish","type":"page","link":"https:\/\/www.turizamuzica.org.rs\/en\/springs-of-health\/","title":{"rendered":"Springs of Health"},"content":{"rendered":"<p>[et_pb_section fb_built=&#8221;1&#8243; admin_label=&#8221;Header&#8221; _builder_version=&#8221;4.27.0&#8243; _module_preset=&#8221;default&#8221; background_color=&#8221;gcid-a93f2103-1d8b-43bb-b21d-81d84bba8b15&#8243; custom_padding=&#8221;||20px||false|false&#8221; collapsed=&#8221;on&#8221; global_colors_info=&#8221;{%22gcid-a93f2103-1d8b-43bb-b21d-81d84bba8b15%22:%91%22background_color%22%93}&#8221;][et_pb_row _builder_version=&#8221;4.24.0&#8243; _module_preset=&#8221;default&#8221; max_width=&#8221;1800px&#8221; global_colors_info=&#8221;{}&#8221;][et_pb_column type=&#8221;4_4&#8243; _builder_version=&#8221;4.22.0&#8243; _module_preset=&#8221;default&#8221; global_colors_info=&#8221;{}&#8221;][et_pb_text _builder_version=&#8221;4.27.0&#8243; _module_preset=&#8221;c928693d-a7c6-45ea-b63d-5b6204138fdf&#8221; text_orientation=&#8221;center&#8221; global_colors_info=&#8221;{}&#8221;]<\/p>\n<h1>Springs of Health<\/h1>\n<p>[\/et_pb_text][\/et_pb_column][\/et_pb_row][et_pb_row column_structure=&#8221;1_2,1_2&#8243; _builder_version=&#8221;4.27.0&#8243; _module_preset=&#8221;default&#8221; max_width=&#8221;1800px&#8221; custom_padding=&#8221;||0px||false|false&#8221; global_colors_info=&#8221;{}&#8221;][et_pb_column type=&#8221;1_2&#8243; _builder_version=&#8221;4.22.0&#8243; _module_preset=&#8221;default&#8221; global_colors_info=&#8221;{}&#8221;][et_pb_text _builder_version=&#8221;4.27.0&#8243; _module_preset=&#8221;a9989c34-2005-43a1-b681-943231a6e2fb&#8221; hover_enabled=&#8221;0&#8243; global_colors_info=&#8221;{}&#8221; sticky_enabled=&#8221;0&#8243;]<\/p>\n<p style=\"text-align: justify;\">Besides preserved elements of cultural heritage, Mokra Gora has its extraordinary natural values which provide tourists from urban areas to comeback to preserved genuine nature and natural healthy living. Surrounded by slopes of three mountains, cut with river valleys which partially end in gauges, rich with mountain springs and brooks, wide mountains and flower fields, Mokra Gora is one f the most impressing sites of Europe.<\/p>\n<p>[\/et_pb_text][et_pb_image src=&#8221;https:\/\/www.turizamuzica.org.rs\/wp-content\/uploads\/2025\/07\/izvori-zdravlja2.jpg&#8221; title_text=&#8221;uzice-etno-muzej-15-05-2009-02&#8243; _builder_version=&#8221;4.27.0&#8243; _module_preset=&#8221;default&#8221; border_radii=&#8221;on|30px|30px|30px|30px&#8221; global_colors_info=&#8221;{}&#8221;][\/et_pb_image][\/et_pb_column][et_pb_column type=&#8221;1_2&#8243; _builder_version=&#8221;4.22.0&#8243; _module_preset=&#8221;default&#8221; global_colors_info=&#8221;{}&#8221;][et_pb_image src=&#8221;https:\/\/www.turizamuzica.org.rs\/wp-content\/uploads\/2025\/11\/Izvor-Bele-vode.jpg&#8221; title_text=&#8221;IMG_0436&#8243; _builder_version=&#8221;4.27.0&#8243; _module_preset=&#8221;default&#8221; border_radii=&#8221;on|30px|30px|30px|30px&#8221; global_colors_info=&#8221;{}&#8221;][\/et_pb_image][\/et_pb_column][\/et_pb_row][et_pb_row _builder_version=&#8221;4.24.0&#8243; _module_preset=&#8221;default&#8221; max_width=&#8221;1800px&#8221; global_colors_info=&#8221;{}&#8221;][et_pb_column type=&#8221;4_4&#8243; _builder_version=&#8221;4.22.0&#8243; _module_preset=&#8221;default&#8221; global_colors_info=&#8221;{}&#8221;][et_pb_text _builder_version=&#8221;4.27.0&#8243; _module_preset=&#8221;a9989c34-2005-43a1-b681-943231a6e2fb&#8221; hover_enabled=&#8221;0&#8243; global_colors_info=&#8221;{}&#8221; sticky_enabled=&#8221;0&#8243;]<\/p>\n<p>The rarity of this region is numerous springs of clear mountain water, which has been acknowledged worldwide due to its balm effects. There are springs in the area of mountains \u0160argan, Tara and Viogora, where are the springs of the rivers Kame\u0161ina and Beli Rzav. In the river canyon, besides river beds of Kame\u0161ina, Beli and Crni Rzav, there is a large number of springs and wells The springs in the river bed of Kame\u0161ina, on its right side, have balm effect and thus the spring Bela Voda (White Water) is one of the rarest, not in Serbia only, but worldwide as well. According to the researches made, that taking into account its alkaline value, it belongs to the sixteenth or seventeenth water in the world, and even if narrowing the classification it could be on the fifth or sixth place on the scale. This water could be used to cure inflammations of bladder, gastritis, gastric ulcer and heartburn. Besides that, it is good for digestion, and could be used for ablutions of nostrils and inflammations of eyelids. People call it \u201cEye Water\u201d.<\/p>\n<p>The space set around Bela Voda spring with its following catering objects and the bath on the spring Ravni Gaj is favorites with numerous visitors. Village brooks are rich with fish such as trout and are perfect destinations of sport fishermen.<\/p>\n<p>The dominant woods of village area are black pine and Scots pine, fir tree and spruce. In the rich floral life there are herbal species such as wild thyme, Klamath weed and germander, on which even there is a proverb &#8211; \u201cgermander makes a dead man alive\u201d. Varieties in fauna follow the flora. Mammals such as bear, chamois, marten, ferret and deer, in which is Tara region very rich, as well as rare species of birds (hazel grouse, golden eagle and partridge). Beautiful nature, clean air and healthy food will make each visitor invigorate both body and soul.<\/p>\n<p>[\/et_pb_text][\/et_pb_column][\/et_pb_row][\/et_pb_section]<\/p>\n","protected":false},"excerpt":{"rendered":"<p>Springs of HealthBesides preserved elements of cultural heritage, Mokra Gora has its extraordinary natural values which provide tourists from urban areas to comeback to preserved genuine nature and natural healthy living. Surrounded by slopes of three mountains, cut with river valleys which partially end in gauges, rich with mountain springs and brooks, wide mountains and [&hellip;]<\/p>\n","protected":false},"author":1,"featured_media":0,"parent":0,"menu_order":0,"comment_status":"closed","ping_status":"closed","template":"","meta":{"_et_pb_use_builder":"on","_et_pb_old_content":"","_et_gb_content_width":"","footnotes":""},"class_list":["post-1513","page","type-page","status-publish","hentry"],"_links":{"self":[{"href":"https:\/\/www.turizamuzica.org.rs\/en\/wp-json\/wp\/v2\/pages\/1513","targetHints":{"allow":["GET"]}}],"collection":[{"href":"https:\/\/www.turizamuzica.org.rs\/en\/wp-json\/wp\/v2\/pages"}],"about":[{"href":"https:\/\/www.turizamuzica.org.rs\/en\/wp-json\/wp\/v2\/types\/page"}],"author":[{"embeddable":true,"href":"https:\/\/www.turizamuzica.org.rs\/en\/wp-json\/wp\/v2\/users\/1"}],"replies":[{"embeddable":true,"href":"https:\/\/www.turizamuzica.org.rs\/en\/wp-json\/wp\/v2\/comments?post=1513"}],"version-history":[{"count":4,"href":"https:\/\/www.turizamuzica.org.rs\/en\/wp-json\/wp\/v2\/pages\/1513\/revisions"}],"predecessor-version":[{"id":1518,"href":"https:\/\/www.turizamuzica.org.rs\/en\/wp-json\/wp\/v2\/pages\/1513\/revisions\/1518"}],"wp:attachment":[{"href":"https:\/\/www.turizamuzica.org.rs\/en\/wp-json\/wp\/v2\/media?parent=1513"}],"curies":[{"name":"wp","href":"https:\/\/api.w.org\/{rel}","templated":true}]}}