{"id":1550,"date":"2024-10-17T11:29:19","date_gmt":"2024-10-17T11:29:19","guid":{"rendered":"https:\/\/www.turizamuzica.org.rs\/zlakusa\/"},"modified":"2026-04-04T14:57:30","modified_gmt":"2026-04-04T14:57:30","slug":"zlakusa","status":"publish","type":"page","link":"https:\/\/www.turizamuzica.org.rs\/en\/zlakusa\/","title":{"rendered":"Zlakusa"},"content":{"rendered":"<p>[et_pb_section fb_built=&#8221;1&#8243; admin_label=&#8221;Header&#8221; _builder_version=&#8221;4.27.0&#8243; _module_preset=&#8221;default&#8221; background_color=&#8221;gcid-a93f2103-1d8b-43bb-b21d-81d84bba8b15&#8243; custom_padding=&#8221;||20px||false|false&#8221; collapsed=&#8221;on&#8221; global_colors_info=&#8221;{%22gcid-a93f2103-1d8b-43bb-b21d-81d84bba8b15%22:%91%22background_color%22%93}&#8221;][et_pb_row _builder_version=&#8221;4.24.0&#8243; _module_preset=&#8221;default&#8221; max_width=&#8221;1800px&#8221; global_colors_info=&#8221;{}&#8221;][et_pb_column type=&#8221;4_4&#8243; _builder_version=&#8221;4.22.0&#8243; _module_preset=&#8221;default&#8221; global_colors_info=&#8221;{}&#8221;][et_pb_text _builder_version=&#8221;4.27.0&#8243; _module_preset=&#8221;c928693d-a7c6-45ea-b63d-5b6204138fdf&#8221; text_orientation=&#8221;center&#8221; global_colors_info=&#8221;{}&#8221;]<\/p>\n<h1>Zlakusa<\/h1>\n<p>[\/et_pb_text][\/et_pb_column][\/et_pb_row][et_pb_row column_structure=&#8221;1_2,1_2&#8243; _builder_version=&#8221;4.27.0&#8243; _module_preset=&#8221;default&#8221; max_width=&#8221;1800px&#8221; custom_padding=&#8221;||0px||false|false&#8221; global_colors_info=&#8221;{}&#8221;][et_pb_column type=&#8221;1_2&#8243; _builder_version=&#8221;4.22.0&#8243; _module_preset=&#8221;default&#8221; global_colors_info=&#8221;{}&#8221;][et_pb_text _builder_version=&#8221;4.27.0&#8243; _module_preset=&#8221;a9989c34-2005-43a1-b681-943231a6e2fb&#8221; hover_enabled=&#8221;0&#8243; global_colors_info=&#8221;{}&#8221; sticky_enabled=&#8221;0&#8243;]<\/p>\n<p style=\"text-align: justify;\">Zlakusa is a village that has soul and coloring, tradition and future, history and youth. It attracts with clean air, preserved nature, forests with good yields of delicious mushrooms, meadows full of wild strawberries and medicinal herbs, with about fifteen trout ponds along the Petnica river.<\/p>\n<p>[\/et_pb_text][et_pb_image src=&#8221;https:\/\/www.turizamuzica.org.rs\/wp-content\/uploads\/2025\/07\/zlakusa-33.jpg&#8221; title_text=&#8221;energy-1&#8243; _builder_version=&#8221;4.27.0&#8243; _module_preset=&#8221;default&#8221; border_radii=&#8221;on|30px|30px|30px|30px&#8221; global_colors_info=&#8221;{}&#8221;][\/et_pb_image][\/et_pb_column][et_pb_column type=&#8221;1_2&#8243; _builder_version=&#8221;4.22.0&#8243; _module_preset=&#8221;default&#8221; global_colors_info=&#8221;{}&#8221;][et_pb_image src=&#8221;https:\/\/www.turizamuzica.org.rs\/wp-content\/uploads\/2025\/07\/zlakusa-40.jpg&#8221; title_text=&#8221;IMG_0436&#8243; _builder_version=&#8221;4.27.0&#8243; _module_preset=&#8221;default&#8221; border_radii=&#8221;on|30px|30px|30px|30px&#8221; global_colors_info=&#8221;{}&#8221;][\/et_pb_image][et_pb_text _builder_version=&#8221;4.27.0&#8243; _module_preset=&#8221;a9989c34-2005-43a1-b681-943231a6e2fb&#8221; hover_enabled=&#8221;0&#8243; global_colors_info=&#8221;{}&#8221; sticky_enabled=&#8221;0&#8243;]<\/p>\n<p style=\"text-align: justify;\">Here you can enjoy walking along the marked circular path around Zlakusa, which starts from the &#8220;Terzica avlija&#8221; Ethno Park, and connects ponds, old water mills and a couple of beautiful waterfalls on Petnica and Potpec Cave, through beautiful landscapes, clearings, forests and meadows, descends from the other side of the village to the starting point.<\/p>\n<p>[\/et_pb_text][\/et_pb_column][\/et_pb_row][\/et_pb_section][et_pb_section fb_built=&#8221;1&#8243; admin_label=&#8221;Video&#8221; _builder_version=&#8221;4.27.0&#8243; _module_preset=&#8221;default&#8221; background_image=&#8221;https:\/\/www.turizamuzica.org.rs\/wp-content\/uploads\/2024\/10\/bg.jpg&#8221; parallax=&#8221;on&#8221; custom_padding=&#8221;20px||||false|false&#8221; collapsed=&#8221;on&#8221; global_colors_info=&#8221;{}&#8221;][et_pb_row use_custom_gutter=&#8221;on&#8221; gutter_width=&#8221;2&#8243; _builder_version=&#8221;4.27.0&#8243; _module_preset=&#8221;default&#8221; max_width=&#8221;1800px&#8221; global_colors_info=&#8221;{}&#8221;][et_pb_column type=&#8221;4_4&#8243; _builder_version=&#8221;4.22.0&#8243; _module_preset=&#8221;default&#8221; global_colors_info=&#8221;{}&#8221;][et_pb_image src=&#8221;https:\/\/www.turizamuzica.org.rs\/wp-content\/uploads\/2025\/07\/zlakusa-21.jpg&#8221; align=&#8221;center&#8221; force_fullwidth=&#8221;on&#8221; _builder_version=&#8221;4.27.0&#8243; _module_preset=&#8221;default&#8221; global_colors_info=&#8221;{}&#8221;][\/et_pb_image][\/et_pb_column][\/et_pb_row][et_pb_row column_structure=&#8221;1_2,1_2&#8243; use_custom_gutter=&#8221;on&#8221; gutter_width=&#8221;2&#8243; _builder_version=&#8221;4.27.0&#8243; _module_preset=&#8221;default&#8221; max_width=&#8221;1800px&#8221; global_colors_info=&#8221;{}&#8221;][et_pb_column type=&#8221;1_2&#8243; _builder_version=&#8221;4.22.0&#8243; _module_preset=&#8221;default&#8221; global_colors_info=&#8221;{}&#8221;][et_pb_text _builder_version=&#8221;4.27.0&#8243; _module_preset=&#8221;a9989c34-2005-43a1-b681-943231a6e2fb&#8221; custom_padding=&#8221;20px||20px||true|false&#8221; hover_enabled=&#8221;0&#8243; global_colors_info=&#8221;{}&#8221; sticky_enabled=&#8221;0&#8243;]<\/p>\n<p style=\"text-align: justify;\">In Zlakusa, at any time of the year, you can buy the so-called Serbian Zepter, i.e. earthenware from Zlakusa, which is famous for its quality and is an indispensable part of the offer at village fairs, assemblies, fairs and ethno-shops.<\/p>\n<p style=\"text-align: justify;\">Zlakusa is known as a village of potters, because a large number of households are engaged in this old craft, not allowing it to go into oblivion. And not only to buy, but also to see on the spot how the dishes are made, i.e. &#8220;built&#8221; made of clay mixed with binding material of ground calcite, i.e. of &#8220;type&#8221;. It&#8217;s nice to come to Zlakus in the spring when nature wakes up, the forests are leafy, field flowers bloom.<\/p>\n<p style=\"text-align: justify;\">In summer, to escape from the city heat and crowds, when raspberries and blackberries ripen on the plantations, or plums in the orchards, when the smell of cut grass spreads everywhere, when the &#8220;Terzica avlija&#8221; Ethno Park hosts the Assembly of Original Creativity known as &#8220;Zlakusa in song and dance&#8221;, when artists from all over the world gather in August for the International Colony of Art Ceramics, organized by the Association Ceramics &#8211; Zlakusa, under the management of academic painter Sofija Bunardzi\u0107<\/p>\n<p style=\"text-align: justify;\">U autumn, when when the forests turn golden, when the orchards are full of red apples, when the cultural and artistic manifestation &#8220;Autumn in Zlakusa&#8221;, pottery and art colony, competition in preparing traditional folk dishes in Zlakusa pots, and days of folklore are held.<\/p>\n<p style=\"text-align: justify;\">In winter, when everything is covered with big snow like in a fairy tale, when the roads are full of children with sleds and other props for winter entertainment in the snow<\/p>\n<p>[\/et_pb_text][\/et_pb_column][et_pb_column type=&#8221;1_2&#8243; _builder_version=&#8221;4.22.0&#8243; _module_preset=&#8221;default&#8221; global_colors_info=&#8221;{}&#8221;][et_pb_image src=&#8221;https:\/\/www.turizamuzica.org.rs\/wp-content\/uploads\/2025\/10\/Zlakusa-selo-grncarije.jpg&#8221; title_text=&#8221;zl terzica avlija 07 04 08&#8243; _builder_version=&#8221;4.27.0&#8243; _module_preset=&#8221;default&#8221; border_radii=&#8221;on|30px|30px|30px|30px&#8221; global_colors_info=&#8221;{}&#8221;][\/et_pb_image][\/et_pb_column][\/et_pb_row][et_pb_row use_custom_gutter=&#8221;on&#8221; gutter_width=&#8221;2&#8243; _builder_version=&#8221;4.27.0&#8243; _module_preset=&#8221;default&#8221; max_width=&#8221;1800px&#8221; global_colors_info=&#8221;{}&#8221;][et_pb_column type=&#8221;4_4&#8243; _builder_version=&#8221;4.22.0&#8243; _module_preset=&#8221;default&#8221; global_colors_info=&#8221;{}&#8221;][et_pb_gallery gallery_ids=&#8221;1538,1539,1540,1541,1542,1543,1544,1545&#8243; posts_number=&#8221;99&#8243; show_title_and_caption=&#8221;off&#8221; show_pagination=&#8221;off&#8221; zoom_icon_color=&#8221;RGBA(255,255,255,0)&#8221; hover_overlay_color=&#8221;rgba(255,255,255,0.51)&#8221; _builder_version=&#8221;4.27.0&#8243; _module_preset=&#8221;default&#8221; border_radii_image=&#8221;on|25px|25px|25px|25px&#8221; global_colors_info=&#8221;{}&#8221;][\/et_pb_gallery][\/et_pb_column][\/et_pb_row][\/et_pb_section][et_pb_section fb_built=&#8221;1&#8243; disabled_on=&#8221;on|on|on&#8221; admin_label=&#8221;Header&#8221; _builder_version=&#8221;4.27.0&#8243; _module_preset=&#8221;default&#8221; background_color=&#8221;gcid-a93f2103-1d8b-43bb-b21d-81d84bba8b15&#8243; custom_padding=&#8221;||20px||false|false&#8221; disabled=&#8221;on&#8221; collapsed=&#8221;on&#8221; global_colors_info=&#8221;{%22gcid-a93f2103-1d8b-43bb-b21d-81d84bba8b15%22:%91%22background_color%22%93}&#8221;][et_pb_row _builder_version=&#8221;4.24.0&#8243; _module_preset=&#8221;default&#8221; max_width=&#8221;1800px&#8221; global_colors_info=&#8221;{}&#8221;][et_pb_column type=&#8221;4_4&#8243; _builder_version=&#8221;4.22.0&#8243; _module_preset=&#8221;default&#8221; global_colors_info=&#8221;{}&#8221;][et_pb_text _builder_version=&#8221;4.27.0&#8243; _module_preset=&#8221;c928693d-a7c6-45ea-b63d-5b6204138fdf&#8221; text_orientation=&#8221;center&#8221; global_colors_info=&#8221;{}&#8221;]<\/p>\n<h1>Terzi\u0107a Avlija<\/h1>\n<p>[\/et_pb_text][\/et_pb_column][\/et_pb_row][et_pb_row column_structure=&#8221;1_2,1_2&#8243; _builder_version=&#8221;4.27.0&#8243; _module_preset=&#8221;default&#8221; max_width=&#8221;1800px&#8221; custom_padding=&#8221;||0px||false|false&#8221; global_colors_info=&#8221;{}&#8221;][et_pb_column type=&#8221;1_2&#8243; _builder_version=&#8221;4.22.0&#8243; _module_preset=&#8221;default&#8221; global_colors_info=&#8221;{}&#8221;][et_pb_image src=&#8221;https:\/\/www.turizamuzica.org.rs\/wp-content\/uploads\/2025\/07\/terzicaavlija-86.jpg&#8221; title_text=&#8221;IMG_0436&#8243; _builder_version=&#8221;4.27.0&#8243; _module_preset=&#8221;default&#8221; border_radii=&#8221;on|30px|30px|30px|30px&#8221; global_colors_info=&#8221;{}&#8221;][\/et_pb_image][et_pb_text _builder_version=&#8221;4.27.0&#8243; _module_preset=&#8221;a9989c34-2005-43a1-b681-943231a6e2fb&#8221; global_colors_info=&#8221;{}&#8221;]<\/p>\n<p style=\"text-align: justify;\">Istu namenu je zadr\u017eala i danas, a druga ku\u0107a je pretvorena u muzej u kome je prikupljeno sve ono \u0161to se nekada koristilo u svakodnevnom \u017eivotu \u2013 od alata do dokumenata, rukopisa, starih nov\u010danica, delova name\u0161taja i mnogo toga drugog.<\/p>\n<p style=\"text-align: justify;\">U dvori\u0161tu su i danas o\u010duvane ekonomske zgrade bez kojih se nekada nije moglo \u2013 mlekar, \u0161upa, sala\u0161 i bunar dubok 12 metara sa hladnom vodom. Izgra\u0111eni su i letnjikovci gde se mo\u017eete odmoriti, a \u010du\u0107ete i zanimljivu istoriju ovog doma\u0107instva. Do Zlakuse se, ina\u010de, sti\u017ee Ibarskom magistralom, 14 kilometara od U\u017eica.  <\/p>\n<p>[\/et_pb_text][\/et_pb_column][et_pb_column type=&#8221;1_2&#8243; _builder_version=&#8221;4.22.0&#8243; _module_preset=&#8221;default&#8221; global_colors_info=&#8221;{}&#8221;][et_pb_text _builder_version=&#8221;4.27.0&#8243; _module_preset=&#8221;a9989c34-2005-43a1-b681-943231a6e2fb&#8221; global_colors_info=&#8221;{}&#8221;]<\/p>\n<p style=\"text-align: justify;\">U Zlakusi, u neposrednoj blizini Potpe\u0107ke pe\u0107ine, na jednom bre\u017euljku, ispod same bukove \u0161umice, sme\u0161ten je Etno park \u00abTerzi\u0107a avlija\u00bb. \u010cuva tradiciju i etnolo\u0161ko nasle\u0111e, narodno stvarala\u0161tvo i zanate koji se prenose s kolena na koleno. Re\u010d je o tipi\u010dnom seoskom doma\u0107instvu, koje \u010dine dve stare srpske ku\u0107e od kojih je jedna stara sto godina, gra\u0111ena od nepe\u010dene cigle, sa krovom na \u010detiri vode i pokrivena starim biber crepom. U jednoj se svakodnevno boravilo, a druga je slu\u017eila za prijem i sme\u0161taj gostiju.   <\/p>\n<p>[\/et_pb_text][et_pb_image src=&#8221;https:\/\/www.turizamuzica.org.rs\/wp-content\/uploads\/2025\/07\/terzicaavlija-164.jpg&#8221; title_text=&#8221;energy-1&#8243; _builder_version=&#8221;4.27.0&#8243; _module_preset=&#8221;default&#8221; border_radii=&#8221;on|30px|30px|30px|30px&#8221; global_colors_info=&#8221;{}&#8221;][\/et_pb_image][\/et_pb_column][\/et_pb_row][\/et_pb_section][et_pb_section fb_built=&#8221;1&#8243; disabled_on=&#8221;on|on|on&#8221; admin_label=&#8221;Video&#8221; _builder_version=&#8221;4.27.0&#8243; _module_preset=&#8221;default&#8221; background_image=&#8221;https:\/\/www.turizamuzica.org.rs\/wp-content\/uploads\/2024\/10\/bg.jpg&#8221; parallax=&#8221;on&#8221; custom_padding=&#8221;20px||||false|false&#8221; disabled=&#8221;on&#8221; collapsed=&#8221;on&#8221; global_colors_info=&#8221;{}&#8221;][et_pb_row use_custom_gutter=&#8221;on&#8221; gutter_width=&#8221;2&#8243; _builder_version=&#8221;4.27.0&#8243; _module_preset=&#8221;default&#8221; max_width=&#8221;1800px&#8221; global_colors_info=&#8221;{}&#8221;][et_pb_column type=&#8221;4_4&#8243; _builder_version=&#8221;4.22.0&#8243; _module_preset=&#8221;default&#8221; global_colors_info=&#8221;{}&#8221;][et_pb_gallery gallery_ids=&#8221;1546,1547,1548,1549&#8243; posts_number=&#8221;99&#8243; show_title_and_caption=&#8221;off&#8221; show_pagination=&#8221;off&#8221; zoom_icon_color=&#8221;RGBA(255,255,255,0)&#8221; hover_overlay_color=&#8221;rgba(255,255,255,0.51)&#8221; _builder_version=&#8221;4.27.0&#8243; _module_preset=&#8221;default&#8221; border_radii_image=&#8221;on|25px|25px|25px|25px&#8221; global_colors_info=&#8221;{}&#8221;][\/et_pb_gallery][et_pb_text _builder_version=&#8221;4.27.0&#8243; _module_preset=&#8221;a9989c34-2005-43a1-b681-943231a6e2fb&#8221; custom_padding=&#8221;20px||20px||true|false&#8221; global_colors_info=&#8221;{}&#8221;]<\/p>\n<p>Radno vreme Terzi\u0107a avlije <br \/>Od 1.aprila do 30.oktobra 09h \u2013 20h<br \/>Od 1.novembra do 31.marta 10h \u2013 17h<br \/>U februaru Terzi\u0107a avlija je zatvorena za posete.<br \/>Tel.: +381 64 24 01 034<br \/>kontakt za strance +381 69 54 61 181<br \/>www.zlakusa.com<\/p>\n<p>[\/et_pb_text][\/et_pb_column][\/et_pb_row][\/et_pb_section]<\/p>\n","protected":false},"excerpt":{"rendered":"<p>ZlakusaZlakusa is a village that has soul and coloring, tradition and future, history and youth. It attracts with clean air, preserved nature, forests with good yields of delicious mushrooms, meadows full of wild strawberries and medicinal herbs, with about fifteen trout ponds along the Petnica river.Here you can enjoy walking along the marked circular path [&hellip;]<\/p>\n","protected":false},"author":1,"featured_media":0,"parent":0,"menu_order":0,"comment_status":"closed","ping_status":"open","template":"","meta":{"_et_pb_use_builder":"on","_et_pb_old_content":"","_et_gb_content_width":"","footnotes":""},"class_list":["post-1550","page","type-page","status-publish","hentry"],"_links":{"self":[{"href":"https:\/\/www.turizamuzica.org.rs\/en\/wp-json\/wp\/v2\/pages\/1550","targetHints":{"allow":["GET"]}}],"collection":[{"href":"https:\/\/www.turizamuzica.org.rs\/en\/wp-json\/wp\/v2\/pages"}],"about":[{"href":"https:\/\/www.turizamuzica.org.rs\/en\/wp-json\/wp\/v2\/types\/page"}],"author":[{"embeddable":true,"href":"https:\/\/www.turizamuzica.org.rs\/en\/wp-json\/wp\/v2\/users\/1"}],"replies":[{"embeddable":true,"href":"https:\/\/www.turizamuzica.org.rs\/en\/wp-json\/wp\/v2\/comments?post=1550"}],"version-history":[{"count":4,"href":"https:\/\/www.turizamuzica.org.rs\/en\/wp-json\/wp\/v2\/pages\/1550\/revisions"}],"predecessor-version":[{"id":1555,"href":"https:\/\/www.turizamuzica.org.rs\/en\/wp-json\/wp\/v2\/pages\/1550\/revisions\/1555"}],"wp:attachment":[{"href":"https:\/\/www.turizamuzica.org.rs\/en\/wp-json\/wp\/v2\/media?parent=1550"}],"curies":[{"name":"wp","href":"https:\/\/api.w.org\/{rel}","templated":true}]}}