{"id":1633,"date":"2025-07-09T19:26:32","date_gmt":"2025-07-09T19:26:32","guid":{"rendered":"https:\/\/www.turizamuzica.org.rs\/sela-na-visoravni\/"},"modified":"2026-04-04T15:02:50","modified_gmt":"2026-04-04T15:02:50","slug":"sela-na-visoravni","status":"publish","type":"page","link":"https:\/\/www.turizamuzica.org.rs\/en\/sela-na-visoravni\/","title":{"rendered":"Villages on the plateau"},"content":{"rendered":"<p>[et_pb_section fb_built=&#8221;1&#8243; admin_label=&#8221;Header&#8221; _builder_version=&#8221;4.27.0&#8243; _module_preset=&#8221;default&#8221; background_color=&#8221;gcid-a93f2103-1d8b-43bb-b21d-81d84bba8b15&#8243; custom_padding=&#8221;||20px||false|false&#8221; collapsed=&#8221;on&#8221; global_colors_info=&#8221;{%22gcid-a93f2103-1d8b-43bb-b21d-81d84bba8b15%22:%91%22background_color%22%93}&#8221;][et_pb_row _builder_version=&#8221;4.24.0&#8243; _module_preset=&#8221;default&#8221; max_width=&#8221;1800px&#8221; global_colors_info=&#8221;{}&#8221;][et_pb_column type=&#8221;4_4&#8243; _builder_version=&#8221;4.22.0&#8243; _module_preset=&#8221;default&#8221; global_colors_info=&#8221;{}&#8221;][et_pb_text _builder_version=&#8221;4.27.0&#8243; _module_preset=&#8221;c928693d-a7c6-45ea-b63d-5b6204138fdf&#8221; text_orientation=&#8221;center&#8221; hover_enabled=&#8221;0&#8243; global_colors_info=&#8221;{}&#8221; sticky_enabled=&#8221;0&#8243;]<\/p>\n<h1>Villages on the plateau<\/h1>\n<p>[\/et_pb_text][et_pb_image src=&#8221;https:\/\/www.turizamuzica.org.rs\/wp-content\/uploads\/2025\/11\/\u0441\u0435\u043b\u043e-\u0432\u0438\u0441\u043e\u0440\u0430\u0432\u043d\u0438.jpg&#8221; _builder_version=&#8221;4.27.0&#8243; _module_preset=&#8221;default&#8221; global_colors_info=&#8221;{}&#8221;][\/et_pb_image][\/et_pb_column][\/et_pb_row][et_pb_row use_custom_gutter=&#8221;on&#8221; gutter_width=&#8221;2&#8243; _builder_version=&#8221;4.27.0&#8243; _module_preset=&#8221;default&#8221; max_width=&#8221;1800px&#8221; global_colors_info=&#8221;{}&#8221;][et_pb_column type=&#8221;4_4&#8243; _builder_version=&#8221;4.22.0&#8243; _module_preset=&#8221;default&#8221; global_colors_info=&#8221;{}&#8221;][et_pb_text _builder_version=&#8221;4.27.0&#8243; _module_preset=&#8221;a9989c34-2005-43a1-b681-943231a6e2fb&#8221; hover_enabled=&#8221;0&#8243; global_colors_info=&#8221;{}&#8221; sticky_enabled=&#8221;0&#8243;]<\/p>\n<p style=\"text-align: center;\"><strong>Bela Zemlja, Kacer, Ljubanje, Ravni, Vrana, Zbojstica, Dreznik<\/strong><\/p>\n<p style=\"text-align: justify;\">Above U\u017eice, on the way to Zlatibor, some hills can be seen and plateaus on them. In the heart of those plateaus there are beautiful mountain villages suitable for village tourism.They appear in a series, one after another: from Bele Zemlja, Ka\u010der and Ljubanje to Ravni and Vrane and finally the villages of Zboj\u0161tia and Dre\u017enik. And in each household they offer hospitality to those who are eager to spend their holiday in the country.<\/p>\n<p style=\"text-align: justify;\">Even in Bela Zemlja, which is a sunny area by the motorway leading to Zlatibor, there are a lot of houses, villas, cottages where a tourist can find accommodation. Everything is within a hand\u2019s reach to him: the beauties of the nearby less populated area, escape from the confusion of the cities, sheepfolds and beehives, woods and clearings. And on the other hand, there are also attractive facilities in the urban areas, with the outdoor swimming pool, top-quality catering buildings and modern sports courts.<\/p>\n<p style=\"text-align: justify;\">U obli\u017enjem Ka\u010deru, u kome se prave sjajni suvomesnati proizvodi (odavde je vi\u0161estruki pobednik ma\u010dkatske \u2018\u2019Pr\u0161utijade\u2019\u2019), zanimljivo\u0161\u0107u ponude pleni apartmanski kompleks \u2018\u2019Lazarevi konaci\u2019\u2019. Skup odli\u010dno opremljenih objekata povezanih u celinu, svaki nalik malom seoskom doma\u0107instvu. Ko \u017eeli, obezbe\u0111ena je potpuna privatnost gostima, kome je do dru\u017eenja, \u2018\u2019Lazarevi konaci\u2019\u2019 idealni su za zajedni\u010dki odmor vi\u0161e porodica prijatelja ili srodnika. Ovde se nudi u\u017eivanje na oko pet hektara seoskog imanja, u ambijentu o\u010duvane prirode. Tu je mno\u0161tvo raznovrsnih ptica, pokoja i \u0161umska \u017eivotinja (srna, zec, veverica), a naravno i doma\u0107e \u017eivotinje koje se uzgajaju u obli\u017enjim seoskim doma\u0107instvima. Leti je gostu u \u2018\u2019Lazarevim konacima\u2019\u2019 omogu\u0107eno neposredan dodir s prirodom (sakupljanje \u0161umskih plodova, radovi u polju ko \u017eeli) i aktivnosti poput \u0161etnji, tr\u010danja, planinarenja. Zimi su padine imanja pogodne za sankanje i skijanje. Gost ovde mo\u017ee da nau\u010di i pone\u0161to od starog kova\u010dkog i stolarskog zanata u radionicama na imanju. Predvi\u0111eno je i organizovanje izleta po okolini: do Zlatibora, Mokre Gore, Tare, Zlatara, Potpe\u0107ke pe\u0107ine.<\/p>\n<p style=\"text-align: justify;\">In the nearby Ka\u010der, where delicious delicatessen are produced (the multiple winner of the competition \u201cPr\u0161utijada\u201d- the competition in delicatessen, comes from this village), the complex of suites \u201cLazarevi konaci\u201d is distinguished by the interesting things it has to offer. A group of exclusively furnished buildings joined into one whole, each resembling a small village household. Full privacy is guaranteed to those who prefer it, and for the ones who are fond of company \u201cLazarevi konaci\u201d is a place ideal for the joint holiday of several families or relatives. Here enjoyment is offered on the area of about 5 hectares, in the ambience of preserved nature. There is a great diversity of birds and rare wild animals (a roe deer, rabbit, squirrel), and of course domestic animals which are raised in the nearby village households. In the summer the guests are enabled to be in direct contact with the nature (picking forest fruit, activities in the field for those who like that) and the activities such as hiking, jogging, mountaineering. In the winter the slopes of the village estates are suitable for sledging and skiing. Here a gust can learn the essentials of the blacksmith\u2019s or carpenter\u2019s craft in the workshops belonging to the estate. There are organized excursions to the places of interest in the vicinity such as: Zlatibor, Mokra Gora, Tara, Zlatar, Potpece cave &#8230;<\/p>\n<p style=\"text-align: justify;\">The village of Ravni which is not far away, also has so much to offer. This village under the mountain of Zlatibor abounds in fragrant area and clear water streams, and kind hosts try to attract the guests buy being considerate, offering home made food and nicely furnished rooms. Here, for example, there are buildings erected in the style of the most beautiful mountain holiday houses, with flowery gardens and fertile orchards, barbecues and stone fountains, the edifices the interior of which is equipped in accordance with the standards of contemporary tourist. Some owners rent the whole house, following the principle \u201ca key into the hands\u201d, while the others remain at disposal to the tourists all the time, and try to please them by preparing delicious food and offering other facilities. Besides, it is real summer pleasure to swim in the crystal clear Rzav and Pristavica, taking a walk along the shady paths and through the unspoilt nature is an extraordinary experience. On the banks of the river Pristavica there are rolling machines from the old times, and in the middle of one forest, on this river, there is a fishpond with extra-quality trout which is exported directly from here. The vicinity of the tourist village of Sirogojno and everything that has been achieved there are an encouragement for the villagers of Ravni and it inspires them to develop village tourism.<\/p>\n<p style=\"text-align: justify;\">In the small village of Zboj\u0161tica, which got its name because people had gathered here since the earliest times to make agreements (the gathering place), people intend to develop the ecological facilities and tourism based on the values of the fully preserved ecological region. They have healthy food and magnificent surroundings, but the guests can also participate in making of the souvenirs. One of the family workshops from this village is engaged in making traditional wooden objects in an artistic way and it is recognizable by the wooden stools, spoons, low tables, frames which are sold in numerous cities. They are developing village tourism and the guests are given a chance to make these objects themselves. They are just renovating an old house which will serve for the accommodation of tourists and they are in the process of collecting authentic objects for the domestic ethno-museum.<\/p>\n<p style=\"text-align: justify;\">The village of Dre\u017enik is located at the end of this tourist \u2018transversal\u2019, but it can be measured by its beauty with the other parts of the region. This village lies below a hill called Dre\u017eni\u010dka gradina, on the river Rzav, the cleanest river in Serbia which descends towards Arilje.It is a village of good hosts, who have hospitality inbuilt in their genes. Their places for drying meat are full of the best quality smoked ham and bacon, their cellars contain the pure plum brandy and the cheese and \u201ckaymak\u201d (salted cream) from Dreznik have no equals. In the houses and gardens of this village there are sufficient conditions for the accommodation of guests. Here the village tourism is just beginning to develop, the beauties of this place are about to allure the visitors in the future.<strong><\/strong><\/p>\n<p style=\"text-align: justify;\">A museum has been opened in Dre\u017enik &#8211; dedicated to the most famous citizen of this region \u2013 metropolitan Josif Cvijovi\u0107, who was the head of the Serbian Orthodox Church during the most difficult period of the Second World War, being a replacement for the imprisoned patriarch. The people of Dreznik are proud of their fellow citizen who used to help his native region till the end of his life. He is especially meritorious of the building of the present church of the Ascension of the Most Holy Godmother 8 centuries ago, one of the architectural masterpieces on the whole territory, so the villages pay their homage to him by building this monumental museum, in which there are the Metropolitan\u2019s rewards, documents and photographs, church garments and dishes.<\/p>\n<p style=\"text-align: justify;\">In the vicinity of Dre\u017enik, upstream along the Rzav, there is a famous spa Roge, and the Potpece cave and village of Zlakusa are not far away. An old road leading to Constantinople used to go through this village (the remains are to be seen in some places even nowadays), the caravans used to stop here, the horse riders with treasures used to pass by. Some of them, being chased by his companions, might have dug the treasure somewhere by the road\u2026 And thus we set off on a journey through the villages of Uzice, using the words and images. And we have managed to portray only a part of the beauties, for there is a lot more to be seen and discovered here. And to be able to experience everything, to get the complete enjoyment, the best advice is to come and check everything. So we are inviting you to come to these villages and afford yourself a special enjoyment find repose for your soul, to take a breath of the healthy nature and experience the hospitality of this region which is known far and wide.<\/p>\n<p>[\/et_pb_text][\/et_pb_column][\/et_pb_row][\/et_pb_section]<\/p>\n","protected":false},"excerpt":{"rendered":"<p>Villages on the plateauBela Zemlja, Kacer, Ljubanje, Ravni, Vrana, Zbojstica, Dreznik Above U\u017eice, on the way to Zlatibor, some hills can be seen and plateaus on them. In the heart of those plateaus there are beautiful mountain villages suitable for village tourism.They appear in a series, one after another: from Bele Zemlja, Ka\u010der and Ljubanje [&hellip;]<\/p>\n","protected":false},"author":1,"featured_media":0,"parent":0,"menu_order":0,"comment_status":"closed","ping_status":"closed","template":"","meta":{"_et_pb_use_builder":"on","_et_pb_old_content":"","_et_gb_content_width":"","footnotes":""},"class_list":["post-1633","page","type-page","status-publish","hentry"],"_links":{"self":[{"href":"https:\/\/www.turizamuzica.org.rs\/en\/wp-json\/wp\/v2\/pages\/1633","targetHints":{"allow":["GET"]}}],"collection":[{"href":"https:\/\/www.turizamuzica.org.rs\/en\/wp-json\/wp\/v2\/pages"}],"about":[{"href":"https:\/\/www.turizamuzica.org.rs\/en\/wp-json\/wp\/v2\/types\/page"}],"author":[{"embeddable":true,"href":"https:\/\/www.turizamuzica.org.rs\/en\/wp-json\/wp\/v2\/users\/1"}],"replies":[{"embeddable":true,"href":"https:\/\/www.turizamuzica.org.rs\/en\/wp-json\/wp\/v2\/comments?post=1633"}],"version-history":[{"count":5,"href":"https:\/\/www.turizamuzica.org.rs\/en\/wp-json\/wp\/v2\/pages\/1633\/revisions"}],"predecessor-version":[{"id":1738,"href":"https:\/\/www.turizamuzica.org.rs\/en\/wp-json\/wp\/v2\/pages\/1633\/revisions\/1738"}],"wp:attachment":[{"href":"https:\/\/www.turizamuzica.org.rs\/en\/wp-json\/wp\/v2\/media?parent=1633"}],"curies":[{"name":"wp","href":"https:\/\/api.w.org\/{rel}","templated":true}]}}